{"id":884,"date":"2024-09-09T15:33:32","date_gmt":"2024-09-09T13:33:32","guid":{"rendered":"https:\/\/emiliesapaly.fr\/?page_id=884"},"modified":"2024-10-10T01:34:45","modified_gmt":"2024-10-09T23:34:45","slug":"mentions-legales","status":"publish","type":"page","link":"https:\/\/emiliesapaly.fr\/index.php\/mentions-legales\/","title":{"rendered":"Mentions l\u00e9gales"},"content":{"rendered":"\t\t<div data-elementor-type=\"wp-page\" data-elementor-id=\"884\" class=\"elementor elementor-884\">\n\t\t\t\t<div class=\"elementor-element elementor-element-3dbe0fe e-flex e-con-boxed e-con e-parent\" data-id=\"3dbe0fe\" data-element_type=\"container\" data-e-type=\"container\">\n\t\t\t\t\t<div class=\"e-con-inner\">\n\t\t\t\t<div class=\"elementor-element elementor-element-e6bd8ec elementor-widget elementor-widget-spacer\" data-id=\"e6bd8ec\" data-element_type=\"widget\" data-e-type=\"widget\" data-widget_type=\"spacer.default\">\n\t\t\t\t<div class=\"elementor-widget-container\">\n\t\t\t\t\t\t\t<div class=\"elementor-spacer\">\n\t\t\t<div class=\"elementor-spacer-inner\"><\/div>\n\t\t<\/div>\n\t\t\t\t\t\t<\/div>\n\t\t\t\t<\/div>\n\t\t\t\t\t<\/div>\n\t\t\t\t<\/div>\n\t\t<div class=\"elementor-element elementor-element-3731677 e-flex e-con-boxed e-con e-parent\" data-id=\"3731677\" data-element_type=\"container\" data-e-type=\"container\">\n\t\t\t\t\t<div class=\"e-con-inner\">\n\t\t\t\t<div class=\"elementor-element elementor-element-025a532 elementor-widget elementor-widget-text-editor\" data-id=\"025a532\" data-element_type=\"widget\" data-e-type=\"widget\" data-widget_type=\"text-editor.default\">\n\t\t\t\t<div class=\"elementor-widget-container\">\n\t\t\t\t\t\t\t\t\t<p><span style=\"font-weight: 400;\">Conform\u00e9ment aux dispositions de la loi n\u00b0 2004-575 du 21 juin 2004 pour la confiance en l&#8217;\u00e9conomie num\u00e9rique, il est pr\u00e9cis\u00e9 aux utilisateurs du site Emilie SAPALY l&#8217;identit\u00e9 des diff\u00e9rents intervenants dans le cadre de sa r\u00e9alisation et de son suivi.<\/span><\/p><p>\u00a0<\/p><p><b>Edition du site\u00a0<\/b><\/p><p>\u00a0<\/p><p><span style=\"font-weight: 400;\">Le pr\u00e9sent site, accessible \u00e0 l\u2019URL www.emiliesapaly.fr (le \u00ab Site \u00bb), est \u00e9dit\u00e9 par :<\/span><\/p><p>\u00a0<\/p><p><span style=\"font-weight: 400;\">Emilie SAPALY, r\u00e9sidant 1, all\u00e9e de la for\u00eat 38360 Sassenage, de nationalit\u00e9 Fran\u00e7aise (France), n\u00e9(e) le 10\/10\/1983, <\/span><span style=\"font-weight: 400;\"><br \/><br \/><\/span><\/p><p><b>H\u00e9bergement<\/b><\/p><p><span style=\"font-weight: 400;\"><br \/><\/span><span style=\"font-weight: 400;\">Le Site est h\u00e9berg\u00e9 par la soci\u00e9t\u00e9 OVH SAS, situ\u00e9 2 rue Kellermann &#8211; BP 80157 &#8211; 59053 Roubaix Cedex 1, (contact t\u00e9l\u00e9phonique ou email : 1007).<\/span><\/p><p>\u00a0<\/p><p><b>Directeur de publication\u00a0<\/b><\/p><p><span style=\"font-weight: 400;\"><br \/><\/span><span style=\"font-weight: 400;\">Le Directeur de la publication du Site est Emilie SAPALY.<\/span><\/p><p>\u00a0<\/p><p><b>Nous contacter\u00a0<\/b><\/p><p><span style=\"font-weight: 400;\"><br \/><\/span><span style=\"font-weight: 400;\">Par t\u00e9l\u00e9phone\u00a0: +33637500206<\/span><\/p><p><span style=\"font-weight: 400;\">Par email\u00a0: emiliesapaly@gmail.com<\/span><\/p><p><span style=\"font-weight: 400;\">Par courrier\u00a0: 1, all\u00e9e de la for\u00eat 38360 Sassenage<\/span><\/p><p>\u00a0<\/p><p><b>Donn\u00e9es personnelles<\/b><\/p><p>\u00a0<\/p><p><span style=\"font-weight: 400;\">Le traitement de vos donn\u00e9es \u00e0 caract\u00e8re personnel est r\u00e9gi par notre Charte du respect de la vie priv\u00e9e, disponible depuis la section &#8220;Charte de Protection des Donn\u00e9es Personnelles&#8221;, conform\u00e9ment au R\u00e8glement G\u00e9n\u00e9ral sur la Protection des Donn\u00e9es 2016\/679 du 27 avril 2016 (\u00abRGPD\u00bb).<\/span><\/p>\t\t\t\t\t\t\t\t<\/div>\n\t\t\t\t<\/div>\n\t\t\t\t\t<\/div>\n\t\t\t\t<\/div>\n\t\t\t\t<\/div>\n\t\t","protected":false},"excerpt":{"rendered":"<p>Conform\u00e9ment aux dispositions de la loi n\u00b0 2004-575 du 21 juin 2004 pour la confiance en l&#8217;\u00e9conomie num\u00e9rique, il est pr\u00e9cis\u00e9 aux utilisateurs du site Emilie SAPALY l&#8217;identit\u00e9 des diff\u00e9rents intervenants dans le cadre de sa r\u00e9alisation et de son suivi. \u00a0 Edition du site\u00a0 \u00a0 Le pr\u00e9sent site, accessible \u00e0 l\u2019URL www.emiliesapaly.fr (le \u00ab [&hellip;]<\/p>\n","protected":false},"author":1,"featured_media":0,"parent":0,"menu_order":0,"comment_status":"closed","ping_status":"closed","template":"","meta":{"footnotes":""},"class_list":["post-884","page","type-page","status-publish","hentry"],"yoast_head":"<!-- This site is optimized with the Yoast SEO plugin v27.4 - https:\/\/yoast.com\/product\/yoast-seo-wordpress\/ -->\n<title>Mentions l\u00e9gales - Emilie Sapaly<\/title>\n<meta name=\"description\" content=\"Bilan de comp\u00e9tences Coach professionnelle Formation. Changer d&#039;activit\u00e9, Retrouver un emploi, Evoluer dans l&#039;entreprise.\" \/>\n<meta name=\"robots\" content=\"noindex, nofollow\" \/>\n<meta property=\"og:locale\" content=\"en_US\" \/>\n<meta property=\"og:type\" content=\"article\" \/>\n<meta property=\"og:title\" content=\"Mentions l\u00e9gales - Emilie Sapaly\" \/>\n<meta property=\"og:description\" content=\"Bilan de comp\u00e9tences Coach professionnelle Formation. Changer d&#039;activit\u00e9, Retrouver un emploi, Evoluer dans l&#039;entreprise.\" \/>\n<meta property=\"og:url\" content=\"https:\/\/emiliesapaly.fr\/index.php\/mentions-legales\/\" \/>\n<meta property=\"og:site_name\" content=\"Emilie Sapaly\" \/>\n<meta property=\"article:publisher\" content=\"https:\/\/www.facebook.com\/profile.php?id=100013262770894\" \/>\n<meta property=\"article:modified_time\" content=\"2024-10-09T23:34:45+00:00\" \/>\n<meta property=\"og:image\" content=\"https:\/\/emiliesapaly.fr\/wp-content\/uploads\/2024\/10\/ImageSite_SEO.jpg\" \/>\n\t<meta property=\"og:image:width\" content=\"1039\" \/>\n\t<meta property=\"og:image:height\" content=\"489\" \/>\n\t<meta property=\"og:image:type\" content=\"image\/jpeg\" \/>\n<meta name=\"twitter:card\" content=\"summary_large_image\" \/>\n<meta name=\"twitter:label1\" content=\"Est. reading time\" \/>\n\t<meta name=\"twitter:data1\" content=\"1 minute\" \/>\n<script type=\"application\/ld+json\" class=\"yoast-schema-graph\">{\"@context\":\"https:\\\/\\\/schema.org\",\"@graph\":[{\"@type\":\"WebPage\",\"@id\":\"https:\\\/\\\/emiliesapaly.fr\\\/index.php\\\/mentions-legales\\\/\",\"url\":\"https:\\\/\\\/emiliesapaly.fr\\\/index.php\\\/mentions-legales\\\/\",\"name\":\"Mentions l\u00e9gales - Emilie Sapaly\",\"isPartOf\":{\"@id\":\"https:\\\/\\\/emiliesapaly.fr\\\/#website\"},\"datePublished\":\"2024-09-09T13:33:32+00:00\",\"dateModified\":\"2024-10-09T23:34:45+00:00\",\"description\":\"Bilan de comp\u00e9tences Coach professionnelle Formation. Changer d'activit\u00e9, Retrouver un emploi, Evoluer dans l'entreprise.\",\"breadcrumb\":{\"@id\":\"https:\\\/\\\/emiliesapaly.fr\\\/index.php\\\/mentions-legales\\\/#breadcrumb\"},\"inLanguage\":\"en-US\",\"potentialAction\":[{\"@type\":\"ReadAction\",\"target\":[\"https:\\\/\\\/emiliesapaly.fr\\\/index.php\\\/mentions-legales\\\/\"]}]},{\"@type\":\"BreadcrumbList\",\"@id\":\"https:\\\/\\\/emiliesapaly.fr\\\/index.php\\\/mentions-legales\\\/#breadcrumb\",\"itemListElement\":[{\"@type\":\"ListItem\",\"position\":1,\"name\":\"Accueil\",\"item\":\"https:\\\/\\\/emiliesapaly.fr\\\/\"},{\"@type\":\"ListItem\",\"position\":2,\"name\":\"Mentions l\u00e9gales\"}]},{\"@type\":\"WebSite\",\"@id\":\"https:\\\/\\\/emiliesapaly.fr\\\/#website\",\"url\":\"https:\\\/\\\/emiliesapaly.fr\\\/\",\"name\":\"Emilie Sapaly\",\"description\":\"Experte en transition professionnelle\",\"publisher\":{\"@id\":\"https:\\\/\\\/emiliesapaly.fr\\\/#organization\"},\"potentialAction\":[{\"@type\":\"SearchAction\",\"target\":{\"@type\":\"EntryPoint\",\"urlTemplate\":\"https:\\\/\\\/emiliesapaly.fr\\\/?s={search_term_string}\"},\"query-input\":{\"@type\":\"PropertyValueSpecification\",\"valueRequired\":true,\"valueName\":\"search_term_string\"}}],\"inLanguage\":\"en-US\"},{\"@type\":\"Organization\",\"@id\":\"https:\\\/\\\/emiliesapaly.fr\\\/#organization\",\"name\":\"Emilie Sapaly\",\"url\":\"https:\\\/\\\/emiliesapaly.fr\\\/\",\"logo\":{\"@type\":\"ImageObject\",\"inLanguage\":\"en-US\",\"@id\":\"https:\\\/\\\/emiliesapaly.fr\\\/#\\\/schema\\\/logo\\\/image\\\/\",\"url\":\"https:\\\/\\\/emiliesapaly.fr\\\/wp-content\\\/uploads\\\/2024\\\/08\\\/Logo-ecriture-PSD.png\",\"contentUrl\":\"https:\\\/\\\/emiliesapaly.fr\\\/wp-content\\\/uploads\\\/2024\\\/08\\\/Logo-ecriture-PSD.png\",\"width\":460,\"height\":80,\"caption\":\"Emilie Sapaly\"},\"image\":{\"@id\":\"https:\\\/\\\/emiliesapaly.fr\\\/#\\\/schema\\\/logo\\\/image\\\/\"},\"sameAs\":[\"https:\\\/\\\/www.facebook.com\\\/profile.php?id=100013262770894\",\"https:\\\/\\\/www.linkedin.com\\\/in\\\/emilie-sapaly-336048163\\\/\"]}]}<\/script>\n<!-- \/ Yoast SEO plugin. -->","yoast_head_json":{"title":"Mentions l\u00e9gales - Emilie Sapaly","description":"Bilan de comp\u00e9tences Coach professionnelle Formation. Changer d'activit\u00e9, Retrouver un emploi, Evoluer dans l'entreprise.","robots":{"index":"noindex","follow":"nofollow"},"og_locale":"en_US","og_type":"article","og_title":"Mentions l\u00e9gales - Emilie Sapaly","og_description":"Bilan de comp\u00e9tences Coach professionnelle Formation. Changer d'activit\u00e9, Retrouver un emploi, Evoluer dans l'entreprise.","og_url":"https:\/\/emiliesapaly.fr\/index.php\/mentions-legales\/","og_site_name":"Emilie Sapaly","article_publisher":"https:\/\/www.facebook.com\/profile.php?id=100013262770894","article_modified_time":"2024-10-09T23:34:45+00:00","og_image":[{"width":1039,"height":489,"url":"https:\/\/emiliesapaly.fr\/wp-content\/uploads\/2024\/10\/ImageSite_SEO.jpg","type":"image\/jpeg"}],"twitter_card":"summary_large_image","twitter_misc":{"Est. reading time":"1 minute"},"schema":{"@context":"https:\/\/schema.org","@graph":[{"@type":"WebPage","@id":"https:\/\/emiliesapaly.fr\/index.php\/mentions-legales\/","url":"https:\/\/emiliesapaly.fr\/index.php\/mentions-legales\/","name":"Mentions l\u00e9gales - Emilie Sapaly","isPartOf":{"@id":"https:\/\/emiliesapaly.fr\/#website"},"datePublished":"2024-09-09T13:33:32+00:00","dateModified":"2024-10-09T23:34:45+00:00","description":"Bilan de comp\u00e9tences Coach professionnelle Formation. Changer d'activit\u00e9, Retrouver un emploi, Evoluer dans l'entreprise.","breadcrumb":{"@id":"https:\/\/emiliesapaly.fr\/index.php\/mentions-legales\/#breadcrumb"},"inLanguage":"en-US","potentialAction":[{"@type":"ReadAction","target":["https:\/\/emiliesapaly.fr\/index.php\/mentions-legales\/"]}]},{"@type":"BreadcrumbList","@id":"https:\/\/emiliesapaly.fr\/index.php\/mentions-legales\/#breadcrumb","itemListElement":[{"@type":"ListItem","position":1,"name":"Accueil","item":"https:\/\/emiliesapaly.fr\/"},{"@type":"ListItem","position":2,"name":"Mentions l\u00e9gales"}]},{"@type":"WebSite","@id":"https:\/\/emiliesapaly.fr\/#website","url":"https:\/\/emiliesapaly.fr\/","name":"Emilie Sapaly","description":"Experte en transition professionnelle","publisher":{"@id":"https:\/\/emiliesapaly.fr\/#organization"},"potentialAction":[{"@type":"SearchAction","target":{"@type":"EntryPoint","urlTemplate":"https:\/\/emiliesapaly.fr\/?s={search_term_string}"},"query-input":{"@type":"PropertyValueSpecification","valueRequired":true,"valueName":"search_term_string"}}],"inLanguage":"en-US"},{"@type":"Organization","@id":"https:\/\/emiliesapaly.fr\/#organization","name":"Emilie Sapaly","url":"https:\/\/emiliesapaly.fr\/","logo":{"@type":"ImageObject","inLanguage":"en-US","@id":"https:\/\/emiliesapaly.fr\/#\/schema\/logo\/image\/","url":"https:\/\/emiliesapaly.fr\/wp-content\/uploads\/2024\/08\/Logo-ecriture-PSD.png","contentUrl":"https:\/\/emiliesapaly.fr\/wp-content\/uploads\/2024\/08\/Logo-ecriture-PSD.png","width":460,"height":80,"caption":"Emilie Sapaly"},"image":{"@id":"https:\/\/emiliesapaly.fr\/#\/schema\/logo\/image\/"},"sameAs":["https:\/\/www.facebook.com\/profile.php?id=100013262770894","https:\/\/www.linkedin.com\/in\/emilie-sapaly-336048163\/"]}]}},"_links":{"self":[{"href":"https:\/\/emiliesapaly.fr\/index.php\/wp-json\/wp\/v2\/pages\/884","targetHints":{"allow":["GET"]}}],"collection":[{"href":"https:\/\/emiliesapaly.fr\/index.php\/wp-json\/wp\/v2\/pages"}],"about":[{"href":"https:\/\/emiliesapaly.fr\/index.php\/wp-json\/wp\/v2\/types\/page"}],"author":[{"embeddable":true,"href":"https:\/\/emiliesapaly.fr\/index.php\/wp-json\/wp\/v2\/users\/1"}],"replies":[{"embeddable":true,"href":"https:\/\/emiliesapaly.fr\/index.php\/wp-json\/wp\/v2\/comments?post=884"}],"version-history":[{"count":4,"href":"https:\/\/emiliesapaly.fr\/index.php\/wp-json\/wp\/v2\/pages\/884\/revisions"}],"predecessor-version":[{"id":889,"href":"https:\/\/emiliesapaly.fr\/index.php\/wp-json\/wp\/v2\/pages\/884\/revisions\/889"}],"wp:attachment":[{"href":"https:\/\/emiliesapaly.fr\/index.php\/wp-json\/wp\/v2\/media?parent=884"}],"curies":[{"name":"wp","href":"https:\/\/api.w.org\/{rel}","templated":true}]}}